{"id":102,"date":"2023-08-05T23:10:22","date_gmt":"2023-08-05T23:10:22","guid":{"rendered":"http:\/\/www.uedfor.org\/?page_id=102"},"modified":"2023-08-07T07:30:47","modified_gmt":"2023-08-07T07:30:47","slug":"konu-basliklari","status":"publish","type":"page","link":"https:\/\/www.uedfor.org\/?page_id=102","title":{"rendered":"Konu Ba\u015fl\u0131klar\u0131"},"content":{"rendered":"\n<p>1- E\u011fitimde Politika, Felsefe, Etik, Liderlik<br>2- E\u011fitimde Nitelik ve Gelecek<br>3- E\u011fitimde F\u0131rsat E\u015fitli\u011fi<br>4- Meslek Olarak \u00d6\u011fretmenlik ve \u00d6\u011fretmen E\u011fitimi<br>5- Okul Y\u00f6neticili\u011fi ve Y\u00f6netici Atama Politikalar\u0131<br>6- De\u011fi\u015fen Toplum De\u011fi\u015fen Okul ve Yeni Politikalar<br>7- E\u011fitim Bilimlerinde Ara\u015ft\u0131rma<br>8- Y\u00fcksek \u00d6\u011fretimde E\u011filimler ve Yeniden Yap\u0131lanma<br>9- E\u011fitimde Teknoloji ve Tasar\u0131m<br>10- Uluslararas\u0131 S\u0131navlar ve T\u00fcrkiye<br>11- \u00d6zel E\u011fitim<br>12- STEM, Robotik, Kodlama<br>13- E\u011fitim Programlar\u0131nda Yeni E\u011filimler<br>14- Mesleki ve Teknik \u00d6\u011fretim<br>15- Erken \u00c7ocukluk E\u011fitimi<br>16- \u00c7ocuklar \u0130\u00e7in Felsefe<br>17- G\u00f6\u00e7menler ve E\u011fitim Sorunlar\u0131<br>18- E\u011fitimde \u015eiddet Medya ve G\u00fcvenlik<br>19- E\u011fitimde Rehberlik ve Psikolojik Dan\u0131\u015fmanl\u0131k<br>20- T\u00fcrk\u00e7e Konu\u015fan Cumhuriyetlerde E\u011fitim \u00d6\u011fretim<br>21- E\u011fitimde Sivil Toplum ve Bask\u0131 Gruplar\u0131<br>22- eTwinning, Erasmus Proje ve Etkinlikleri<br>23- E\u011fitimde Drama<br>24- \u0130lk\u00f6\u011fretim S\u0131n\u0131f \u00d6\u011fretmenli\u011fi<br>25- Ya\u015fam Boyu \u00d6\u011frenme ve Yeti\u015fkin E\u011fitimi<br>26- Uzaktan E\u011fitim<br>27- E\u011fitimde \u0130yi \u00d6rnekler<br>28- E\u011fitim Bilimlerine Ait \u00c7e\u015fitli Ba\u015fl\u0131klar\u2026<\/p>\n","protected":false},"excerpt":{"rendered":"<p>1- E\u011fitimde Politika, Felsefe, Etik, Liderlik2- E\u011fitimde Nitelik ve Gelecek3- E\u011fitimde F\u0131rsat E\u015fitli\u011fi4- Meslek Olarak \u00d6\u011fretmenlik ve \u00d6\u011fretmen E\u011fitimi5- Okul Y\u00f6neticili\u011fi ve Y\u00f6netici Atama Politikalar\u01316- De\u011fi\u015fen Toplum De\u011fi\u015fen Okul ve Yeni Politikalar7- E\u011fitim Bilimlerinde Ara\u015ft\u0131rma8- Y\u00fcksek \u00d6\u011fretimde E\u011filimler ve Yeniden Yap\u0131lanma9- E\u011fitimde Teknoloji ve Tasar\u0131m10- Uluslararas\u0131 S\u0131navlar ve T\u00fcrkiye11- \u00d6zel E\u011fitim12- STEM, Robotik, Kodlama13- E\u011fitim [&hellip;]<\/p>\n","protected":false},"author":1,"featured_media":0,"parent":0,"menu_order":0,"comment_status":"closed","ping_status":"closed","template":"","meta":{"footnotes":""},"class_list":["post-102","page","type-page","status-publish","hentry"],"_links":{"self":[{"href":"https:\/\/www.uedfor.org\/index.php?rest_route=\/wp\/v2\/pages\/102","targetHints":{"allow":["GET"]}}],"collection":[{"href":"https:\/\/www.uedfor.org\/index.php?rest_route=\/wp\/v2\/pages"}],"about":[{"href":"https:\/\/www.uedfor.org\/index.php?rest_route=\/wp\/v2\/types\/page"}],"author":[{"embeddable":true,"href":"https:\/\/www.uedfor.org\/index.php?rest_route=\/wp\/v2\/users\/1"}],"replies":[{"embeddable":true,"href":"https:\/\/www.uedfor.org\/index.php?rest_route=%2Fwp%2Fv2%2Fcomments&post=102"}],"version-history":[{"count":2,"href":"https:\/\/www.uedfor.org\/index.php?rest_route=\/wp\/v2\/pages\/102\/revisions"}],"predecessor-version":[{"id":138,"href":"https:\/\/www.uedfor.org\/index.php?rest_route=\/wp\/v2\/pages\/102\/revisions\/138"}],"wp:attachment":[{"href":"https:\/\/www.uedfor.org\/index.php?rest_route=%2Fwp%2Fv2%2Fmedia&parent=102"}],"curies":[{"name":"wp","href":"https:\/\/api.w.org\/{rel}","templated":true}]}}