{"id":17,"date":"2023-08-02T09:50:16","date_gmt":"2023-08-02T09:50:16","guid":{"rendered":"http:\/\/www.uedfor.org\/?page_id=17"},"modified":"2025-06-05T15:47:17","modified_gmt":"2025-06-05T15:47:17","slug":"otel-hakkinda","status":"publish","type":"page","link":"https:\/\/www.uedfor.org\/?page_id=17","title":{"rendered":"Otel Hakk\u0131nda"},"content":{"rendered":"\n<p>ALANXAF\u0130RA GRAND HOTEL Tan\u0131t\u0131m Videosu \u0130\u00e7in <a href=\"https:\/\/www.google.com\/search?sca_esv=9f05e2405697a5fa&amp;sxsrf=AE3TifNogpFftA4JFDd1xJaiLI3YXi_NGQ:1749138204667&amp;q=alan+xafira&amp;udm=7&amp;fbs=AIIjpHwSU0Xn4FRaYzhfgs1jmQvOnw1dDD9iiBulB2fsjeHv6Rzi_t8nCYrA3VAYvcCIsvZylUJ93QH-0dORMMAP7iTwIdVf_alZniz2grK7cDGJxtRLa1SnVe9Ma2v11M97D9_ciOg4Pe9i3oZF6Z-4xSkQtLa2kRtOBYOqhCZriPSrt_Ny1-0Bk7kd4e4j0FL_XGGO6oZCC_XByDQmNVyBvB7KRdAbM_qhvGlvMhYM0L6HD_nrW_6v-Zpt1ihSNAC9FnNSEXtr&amp;sa=X&amp;ved=2ahUKEwj9vOjKz9qNAxWNS_EDHQSnHNYQtKgLegQIJhAB&amp;biw=1440&amp;bih=715&amp;dpr=1#fpstate=ive&amp;vld=cid:705e9f3f,vid:xoIebgR6Imw,st:0\" target=\"_blank\" rel=\"noreferrer noopener\">TIKLAYINIZ&#8230;<\/a><\/p>\n\n\n\n<p>KONGRE KAYIT DI\u015eINDA OTELE DI\u015e KATILIMCI ALINMAYACAKTIR. <\/p>\n","protected":false},"excerpt":{"rendered":"<p>ALANXAF\u0130RA GRAND HOTEL Tan\u0131t\u0131m Videosu \u0130\u00e7in TIKLAYINIZ&#8230; KONGRE KAYIT DI\u015eINDA OTELE DI\u015e KATILIMCI ALINMAYACAKTIR.<\/p>\n","protected":false},"author":1,"featured_media":0,"parent":0,"menu_order":0,"comment_status":"closed","ping_status":"closed","template":"","meta":{"footnotes":""},"class_list":["post-17","page","type-page","status-publish","hentry"],"_links":{"self":[{"href":"https:\/\/www.uedfor.org\/index.php?rest_route=\/wp\/v2\/pages\/17","targetHints":{"allow":["GET"]}}],"collection":[{"href":"https:\/\/www.uedfor.org\/index.php?rest_route=\/wp\/v2\/pages"}],"about":[{"href":"https:\/\/www.uedfor.org\/index.php?rest_route=\/wp\/v2\/types\/page"}],"author":[{"embeddable":true,"href":"https:\/\/www.uedfor.org\/index.php?rest_route=\/wp\/v2\/users\/1"}],"replies":[{"embeddable":true,"href":"https:\/\/www.uedfor.org\/index.php?rest_route=%2Fwp%2Fv2%2Fcomments&post=17"}],"version-history":[{"count":6,"href":"https:\/\/www.uedfor.org\/index.php?rest_route=\/wp\/v2\/pages\/17\/revisions"}],"predecessor-version":[{"id":251,"href":"https:\/\/www.uedfor.org\/index.php?rest_route=\/wp\/v2\/pages\/17\/revisions\/251"}],"wp:attachment":[{"href":"https:\/\/www.uedfor.org\/index.php?rest_route=%2Fwp%2Fv2%2Fmedia&parent=17"}],"curies":[{"name":"wp","href":"https:\/\/api.w.org\/{rel}","templated":true}]}}