{"id":18,"date":"2023-08-02T09:50:16","date_gmt":"2023-08-02T09:50:16","guid":{"rendered":"http:\/\/www.uedfor.org\/?page_id=18"},"modified":"2024-07-04T18:52:39","modified_gmt":"2024-07-04T18:52:39","slug":"ulasim","status":"publish","type":"page","link":"https:\/\/www.uedfor.org\/?page_id=18","title":{"rendered":"Ula\u015f\u0131m"},"content":{"rendered":"\n<p>Konaklama Otellerimiz \u015eehir Merkezine Yak\u0131n Olup Ula\u015f\u0131m \u00c7ok Kolay \u015eekilde Sa\u011flanabilektir. Se\u00e7ece\u011finiz konaklama oteline g\u00f6re detayl\u0131 bilgilendirme yap\u0131lacakt\u0131r&#8230;<\/p>\n","protected":false},"excerpt":{"rendered":"<p>Konaklama Otellerimiz \u015eehir Merkezine Yak\u0131n Olup Ula\u015f\u0131m \u00c7ok Kolay \u015eekilde Sa\u011flanabilektir. Se\u00e7ece\u011finiz konaklama oteline g\u00f6re detayl\u0131 bilgilendirme yap\u0131lacakt\u0131r&#8230;<\/p>\n","protected":false},"author":1,"featured_media":0,"parent":0,"menu_order":0,"comment_status":"closed","ping_status":"closed","template":"","meta":{"footnotes":""},"class_list":["post-18","page","type-page","status-publish","hentry"],"_links":{"self":[{"href":"https:\/\/www.uedfor.org\/index.php?rest_route=\/wp\/v2\/pages\/18","targetHints":{"allow":["GET"]}}],"collection":[{"href":"https:\/\/www.uedfor.org\/index.php?rest_route=\/wp\/v2\/pages"}],"about":[{"href":"https:\/\/www.uedfor.org\/index.php?rest_route=\/wp\/v2\/types\/page"}],"author":[{"embeddable":true,"href":"https:\/\/www.uedfor.org\/index.php?rest_route=\/wp\/v2\/users\/1"}],"replies":[{"embeddable":true,"href":"https:\/\/www.uedfor.org\/index.php?rest_route=%2Fwp%2Fv2%2Fcomments&post=18"}],"version-history":[{"count":4,"href":"https:\/\/www.uedfor.org\/index.php?rest_route=\/wp\/v2\/pages\/18\/revisions"}],"predecessor-version":[{"id":188,"href":"https:\/\/www.uedfor.org\/index.php?rest_route=\/wp\/v2\/pages\/18\/revisions\/188"}],"wp:attachment":[{"href":"https:\/\/www.uedfor.org\/index.php?rest_route=%2Fwp%2Fv2%2Fmedia&parent=18"}],"curies":[{"name":"wp","href":"https:\/\/api.w.org\/{rel}","templated":true}]}}