{"id":19,"date":"2023-08-02T09:50:16","date_gmt":"2023-08-02T09:50:16","guid":{"rendered":"http:\/\/www.uedfor.org\/?page_id=19"},"modified":"2025-06-12T22:59:43","modified_gmt":"2025-06-12T22:59:43","slug":"onemli-tarihler","status":"publish","type":"page","link":"https:\/\/www.uedfor.org\/?page_id=19","title":{"rendered":"\u00d6nemli Tarihler"},"content":{"rendered":"\n<p>Ba\u015fvuru ve kay\u0131tla ilgili detayl\u0131 bilgi ve deste\u011fi +90 (530) 227 27 33 telden alabilirsiniz.<\/p>\n\n\n\n<p><strong>ERKEN KAYIT FIRSATI SON TAR\u0130H  : 01 TEMMUZ 2025<\/strong><\/p>\n\n\n\n<p><\/p>\n\n\n\n<p>KAYIT SON TAR\u0130H : <strong>18 EYL\u00dcL 2025<\/strong><\/p>\n\n\n\n<p>B\u0130LD\u0130R\u0130 Y\u00dcKLEME SON TAR\u0130H : <strong>15 EYL\u00dcL 2025<\/strong><\/p>\n\n\n\n<p>KONGRE TAR\u0130H\u0130 : <strong>13-17 EK\u0130M 2025<\/strong><\/p>\n","protected":false},"excerpt":{"rendered":"<p>Ba\u015fvuru ve kay\u0131tla ilgili detayl\u0131 bilgi ve deste\u011fi +90 (530) 227 27 33 telden alabilirsiniz. ERKEN KAYIT FIRSATI SON TAR\u0130H : 01 TEMMUZ 2025 KAYIT SON TAR\u0130H : 18 EYL\u00dcL 2025 B\u0130LD\u0130R\u0130 Y\u00dcKLEME SON TAR\u0130H : 15 EYL\u00dcL 2025 KONGRE TAR\u0130H\u0130 : 13-17 EK\u0130M 2025<\/p>\n","protected":false},"author":1,"featured_media":0,"parent":0,"menu_order":0,"comment_status":"closed","ping_status":"closed","template":"","meta":{"footnotes":""},"class_list":["post-19","page","type-page","status-publish","hentry"],"_links":{"self":[{"href":"https:\/\/www.uedfor.org\/index.php?rest_route=\/wp\/v2\/pages\/19","targetHints":{"allow":["GET"]}}],"collection":[{"href":"https:\/\/www.uedfor.org\/index.php?rest_route=\/wp\/v2\/pages"}],"about":[{"href":"https:\/\/www.uedfor.org\/index.php?rest_route=\/wp\/v2\/types\/page"}],"author":[{"embeddable":true,"href":"https:\/\/www.uedfor.org\/index.php?rest_route=\/wp\/v2\/users\/1"}],"replies":[{"embeddable":true,"href":"https:\/\/www.uedfor.org\/index.php?rest_route=%2Fwp%2Fv2%2Fcomments&post=19"}],"version-history":[{"count":9,"href":"https:\/\/www.uedfor.org\/index.php?rest_route=\/wp\/v2\/pages\/19\/revisions"}],"predecessor-version":[{"id":279,"href":"https:\/\/www.uedfor.org\/index.php?rest_route=\/wp\/v2\/pages\/19\/revisions\/279"}],"wp:attachment":[{"href":"https:\/\/www.uedfor.org\/index.php?rest_route=%2Fwp%2Fv2%2Fmedia&parent=19"}],"curies":[{"name":"wp","href":"https:\/\/api.w.org\/{rel}","templated":true}]}}