{"id":20,"date":"2023-08-02T09:50:17","date_gmt":"2023-08-02T09:50:17","guid":{"rendered":"http:\/\/www.uedfor.org\/?page_id=20"},"modified":"2025-07-16T12:00:59","modified_gmt":"2025-07-16T12:00:59","slug":"duyurular","status":"publish","type":"page","link":"https:\/\/www.uedfor.org\/?page_id=20","title":{"rendered":"Duyurular"},"content":{"rendered":"\n<p>Bildiri Y\u00fckleme \u0130lgili Duyuru;<\/p>\n\n\n\n<p><strong>Kongreye G\u00f6nderilecek Bildiriler \u00f6n inceleme sonras\u0131 k\u00f6r hakemlik sisteminden ge\u00e7ip kabul edilen bildirilerin sunulmas\u0131na izin verilecektir. <\/strong><\/p>\n\n\n\n<p>Ulusal E\u011fitimde D\u00f6n\u00fc\u015f\u00fcm Forumu,&nbsp;<strong>UEDFOR<\/strong>&nbsp;13-17 EK\u0130M 2025 tarihleri aras\u0131nda ANTALYA Alanya&#8217;da Adana Alparslan T\u00fcrke\u015f Bilim ve Teknoloji \u00dcniversitesi, MEF \u00dcniversitesi, Giresun \u00dcniversitesi ve EYUDER \u0130\u015fbirli\u011finde Antalya Alanya&#8217;da ALANXAF\u0130RA Grand Hotelde ger\u00e7ekle\u015ftirilecektir.<\/p>\n\n\n\n<p>Kongre Organizasyonumuz Bilimsel \u0130\u00e7eri\u011fi yan\u0131nda \u015eehrin tarihi ve k\u00fclt\u00fcrel zenginliklerinin de tan\u0131t\u0131laca\u011f\u0131 sosyal programlar\u0131 da i\u00e7erecek \u015fekilde d\u00fczenlenecektir.<\/p>\n\n\n\n<p>Kongre sunum dili T\u00fcrk\u00e7e veya \u0130ngilizce olabilir. \u00d6zet g\u00f6nderiminiz s\u0131ras\u0131nda ya da daha sonra (son g\u00f6nderim tarihine kadar) tam metinlerinizi g\u00f6nderebilirsiniz.<\/p>\n","protected":false},"excerpt":{"rendered":"<p>Bildiri Y\u00fckleme \u0130lgili Duyuru; Kongreye G\u00f6nderilecek Bildiriler \u00f6n inceleme sonras\u0131 k\u00f6r hakemlik sisteminden ge\u00e7ip kabul edilen bildirilerin sunulmas\u0131na izin verilecektir. Ulusal E\u011fitimde D\u00f6n\u00fc\u015f\u00fcm Forumu,&nbsp;UEDFOR&nbsp;13-17 EK\u0130M 2025 tarihleri aras\u0131nda ANTALYA Alanya&#8217;da Adana Alparslan T\u00fcrke\u015f Bilim ve Teknoloji \u00dcniversitesi, MEF \u00dcniversitesi, Giresun \u00dcniversitesi ve EYUDER \u0130\u015fbirli\u011finde Antalya Alanya&#8217;da ALANXAF\u0130RA Grand Hotelde ger\u00e7ekle\u015ftirilecektir. Kongre Organizasyonumuz Bilimsel \u0130\u00e7eri\u011fi yan\u0131nda [&hellip;]<\/p>\n","protected":false},"author":1,"featured_media":0,"parent":0,"menu_order":0,"comment_status":"closed","ping_status":"closed","template":"","meta":{"footnotes":""},"class_list":["post-20","page","type-page","status-publish","hentry"],"_links":{"self":[{"href":"https:\/\/www.uedfor.org\/index.php?rest_route=\/wp\/v2\/pages\/20","targetHints":{"allow":["GET"]}}],"collection":[{"href":"https:\/\/www.uedfor.org\/index.php?rest_route=\/wp\/v2\/pages"}],"about":[{"href":"https:\/\/www.uedfor.org\/index.php?rest_route=\/wp\/v2\/types\/page"}],"author":[{"embeddable":true,"href":"https:\/\/www.uedfor.org\/index.php?rest_route=\/wp\/v2\/users\/1"}],"replies":[{"embeddable":true,"href":"https:\/\/www.uedfor.org\/index.php?rest_route=%2Fwp%2Fv2%2Fcomments&post=20"}],"version-history":[{"count":10,"href":"https:\/\/www.uedfor.org\/index.php?rest_route=\/wp\/v2\/pages\/20\/revisions"}],"predecessor-version":[{"id":310,"href":"https:\/\/www.uedfor.org\/index.php?rest_route=\/wp\/v2\/pages\/20\/revisions\/310"}],"wp:attachment":[{"href":"https:\/\/www.uedfor.org\/index.php?rest_route=%2Fwp%2Fv2%2Fmedia&parent=20"}],"curies":[{"name":"wp","href":"https:\/\/api.w.org\/{rel}","templated":true}]}}