{"id":295,"date":"2025-06-17T09:23:02","date_gmt":"2025-06-17T09:23:02","guid":{"rendered":"https:\/\/www.uedfor.org\/?page_id=295"},"modified":"2025-06-18T10:02:25","modified_gmt":"2025-06-18T10:02:25","slug":"foreign-participant-payment","status":"publish","type":"page","link":"https:\/\/www.uedfor.org\/?page_id=295","title":{"rendered":"FOREIGN PARTICIPANT PAYMENT"},"content":{"rendered":"\n<p>For our overseas participants, each participant will be given a certificate of participation and a special plaque in their name. If the sufficient number is reached, a special social and cultural trip to the historical and touristic places of the city will be planned. Transportation for the trip will be free of charge. (Efforts will be made to make museum entrances free of charge.)<\/p>\n\n\n\n<p>Yurt D\u0131\u015f\u0131 Kat\u0131l\u0131mc\u0131lar\u0131m\u0131z \u0130\u00e7in her kat\u0131l\u0131mc\u0131m\u0131za Kat\u0131l\u0131m Belgesi ve Adlar\u0131na \u00d6zel  Plaket Verilecektir. Yeterli Say\u0131ya ula\u015f\u0131l\u0131rsa \u015eehrin Tarihi ve Turistik Mekanlar\u0131na \u00d6zel Sosyal ve K\u00fclt\u00fcrel K\u00fclt\u00fcrel Gezi Planlanacakt\u0131r. Gezi ula\u015f\u0131m\u0131 \u00fccretisiz olacakt\u0131r. ( M\u00fcze giri\u015flerinin \u00fccretsiz olmas\u0131 i\u00e7in \u00e7al\u0131\u015fmalar yap\u0131lacakt\u0131r.) <\/p>\n\n\n\n<iframe\n      id=\"JotFormIFrame-243275585899983\"\n      title=\"UEDFOR-6 Registration Form (USD)\"\n      onload=\"window.parent.scrollTo(0,0)\"\n      allowtransparency=\"true\"\n      allow=\"geolocation; microphone; camera; fullscreen; payment\"\n      src=\"https:\/\/form.jotform.com\/eyuder\/yabanci-usd\"\n      frameborder=\"0\"\n      style=\"min-width:100%;max-width:100%;height:539px;border:none;\"\n      scrolling=\"no\"\n    >\n    <\/iframe>\n    <script src='https:\/\/cdn.jotfor.ms\/s\/umd\/latest\/for-form-embed-handler.js'><\/script>\n    <script>window.jotformEmbedHandler(\"iframe[id='JotFormIFrame-243275585899983']\", \"https:\/\/form.jotform.com\/\")<\/script>\n","protected":false},"excerpt":{"rendered":"<p>For our overseas participants, each participant will be given a certificate of participation and a special plaque in their name. If the sufficient number is reached, a special social and cultural trip to the historical and touristic places of the city will be planned. Transportation for the trip will be free of charge. (Efforts will [&hellip;]<\/p>\n","protected":false},"author":1,"featured_media":0,"parent":0,"menu_order":0,"comment_status":"closed","ping_status":"closed","template":"","meta":{"footnotes":""},"class_list":["post-295","page","type-page","status-publish","hentry"],"_links":{"self":[{"href":"https:\/\/www.uedfor.org\/index.php?rest_route=\/wp\/v2\/pages\/295","targetHints":{"allow":["GET"]}}],"collection":[{"href":"https:\/\/www.uedfor.org\/index.php?rest_route=\/wp\/v2\/pages"}],"about":[{"href":"https:\/\/www.uedfor.org\/index.php?rest_route=\/wp\/v2\/types\/page"}],"author":[{"embeddable":true,"href":"https:\/\/www.uedfor.org\/index.php?rest_route=\/wp\/v2\/users\/1"}],"replies":[{"embeddable":true,"href":"https:\/\/www.uedfor.org\/index.php?rest_route=%2Fwp%2Fv2%2Fcomments&post=295"}],"version-history":[{"count":4,"href":"https:\/\/www.uedfor.org\/index.php?rest_route=\/wp\/v2\/pages\/295\/revisions"}],"predecessor-version":[{"id":301,"href":"https:\/\/www.uedfor.org\/index.php?rest_route=\/wp\/v2\/pages\/295\/revisions\/301"}],"wp:attachment":[{"href":"https:\/\/www.uedfor.org\/index.php?rest_route=%2Fwp%2Fv2%2Fmedia&parent=295"}],"curies":[{"name":"wp","href":"https:\/\/api.w.org\/{rel}","templated":true}]}}