{"id":95,"date":"2023-08-05T23:10:22","date_gmt":"2023-08-05T23:10:22","guid":{"rendered":"http:\/\/www.uedfor.org\/?page_id=95"},"modified":"2025-07-16T12:02:16","modified_gmt":"2025-07-16T12:02:16","slug":"yazim-kurallari","status":"publish","type":"page","link":"https:\/\/www.uedfor.org\/?page_id=95","title":{"rendered":"Yaz\u0131m Kurallar\u0131"},"content":{"rendered":"\n<p><strong>Kongreye G\u00f6nderilecek Bildiriler \u00f6n inceleme sonras\u0131 k\u00f6r hakemlik sisteminden ge\u00e7ip kabul edilen bildirilerin sunulmas\u0131na izin verilecektir. <\/strong><\/p>\n\n\n\n<p><strong>Bildiri \u00d6zeti<\/strong><\/p>\n\n\n\n<p>Bildiri \u00f6zetinde \u00e7al\u0131\u015fman\u0131n &#8220;amac\u0131&#8221;, &#8220;\u00f6nemi&#8221;, &#8220;y\u00f6ntemi&#8221;, &#8220;s\u0131n\u0131rl\u0131l\u0131klar\u0131&#8221;, &#8220;elde edilen bulgular\u0131&#8221;  ba\u015fl\u0131klar halinde ve a\u00e7\u0131k olarak ifade edilmelidir. Bildiri \u00f6zetleri, k\u0131sa kaynak\u00e7a hari\u00e7 150 &#8211; 450 aras\u0131 s\u00f6zc\u00fckten olu\u015fmal\u0131d\u0131r.<\/p>\n\n\n\n<p>Bildiri \u00f6zeti, A4 k\u00e2\u011f\u0131da sol, \u00fcst, sa\u011f ve alttan 2,5 cm bo\u015fluk b\u0131rak\u0131larak, 12 punto, Times New Roman yaz\u0131 karakteri kullan\u0131larak ve tek sat\u0131r aral\u0131\u011f\u0131 ile yaz\u0131lmal\u0131d\u0131r. \u00d6zette bildirinin ba\u015fl\u0131\u011f\u0131, yazar(lar)\u0131n, unvan(lar)\u0131, ad-soyad(lar)\u0131, ba\u011fl\u0131 bulunulan kurum, e-posta adresi ve telefon numaralar\u0131na yer verilmelidir.<\/p>\n\n\n\n<p><strong>Bildiri Tam Metni<\/strong><\/p>\n\n\n\n<p>Bildiri, Microsoft Word Program\u0131nda A4 k\u00e2\u011f\u0131da sol, \u00fcst, sa\u011f ve alttan 2,5 cm bo\u015fluk b\u0131rak\u0131larak yaz\u0131lmal\u0131d\u0131r. Bildiri, kaynak\u00e7a d\u00e2hil en \u00e7ok 15 sayfa olmal\u0131d\u0131r.<\/p>\n\n\n\n<p>Bildiri metni 12 punto, Times New Roman yaz\u0131 karakteri kullan\u0131larak, tek sat\u0131r aral\u0131\u011f\u0131nda ve paragraflar aras\u0131nda 1 sat\u0131r bo\u015fluk b\u0131rak\u0131larak yaz\u0131lmal\u0131d\u0131r.<\/p>\n\n\n\n<p>Birinci derece b\u00f6l\u00fcm ba\u015fl\u0131klar\u0131 b\u00fcy\u00fck harfle ve koyu olarak, ikinci derece ve di\u011fer alt b\u00f6l\u00fcm ba\u015fl\u0131klar\u0131nda her s\u00f6zc\u00fc\u011f\u00fcn ilk harfi b\u00fcy\u00fck harfle ve koyu olarak yaz\u0131lmal\u0131d\u0131r.<\/p>\n\n\n\n<p>Tablo ve \u015fekiller, metin i\u00e7inde ard\u0131\u015f\u0131k olarak numaraland\u0131r\u0131lmal\u0131d\u0131r.<\/p>\n\n\n\n<p>Yararlan\u0131lan kaynaklar, bildiri metninin sonunda yazar\u0131n soyad\u0131na g\u00f6re alfabetik s\u0131rada, 11 puntoda ve kaynaklar aras\u0131nda 1 sat\u0131r bo\u015fluk b\u0131rak\u0131larak yaz\u0131lmal\u0131d\u0131r.<\/p>\n\n\n\n<p><strong>At\u0131f Kurallar\u0131<\/strong><\/p>\n\n\n\n<p>Metin i\u00e7indeki her g\u00f6nderme kaynak\u00e7ada mutlaka yer almal\u0131d\u0131r. Metin i\u00e7inde g\u00f6nderme yap\u0131lmayan eserlere kaynak\u00e7ada verilmemelidir.<\/p>\n\n\n\n<p>Metin i\u00e7indeki yollamalar, ayra\u00e7 i\u00e7inde (yazar\u0131n\/yazarlar\u0131n soyad\u0131, kayna\u011f\u0131n bas\u0131m y\u0131l\u0131: ilgili sayfa numaras\u0131) verilmeli ve yararlan\u0131lan kaynaklar\u0131 eksiksiz ve tam k\u00fcnyesiyle i\u00e7eren Kaynak\u00e7a listesi, metin sonunda, yollama sistemine uygun olarak g\u00f6sterilmelidir.<\/p>\n\n\n\n<p>Yollamalar d\u0131\u015f\u0131ndaki a\u00e7\u0131klamalar, dipnotu bi\u00e7iminde ilgili sayfa alt\u0131nda belirtilmelidir.<\/p>\n\n\n\n<p>Bildiri \u00f6zetlerinizi ve tam netinlerinizi l\u00fctfen a\u015fa\u011f\u0131daki \u015fablona g\u00f6re haz\u0131rlay\u0131n\u0131z:<br><br><strong><a href=\"https:\/\/dosyamerkez.saglik.gov.tr\/Eklenti\/3119\/0\/2bildiriozetidoc.dochttp:\/\/www.uedfor.org\/belge\/bildiriozeti.doc\" target=\"_blank\" rel=\"noreferrer noopener\">\u00d6zet Metin \u015eablonu<\/a> <\/strong> (<em> Bildirinizi sisteme y\u00fckledikten sonra \u015fablona uygun word halini eklemeyi UNUTMAYINIZ )<\/em><br><strong>Bildiri \u00d6zeti WORD halini <a href=\"https:\/\/form.jotform.com\/eyuder\/uedfor-6-bildiri\" target=\"_blank\" rel=\"noreferrer noopener\">Y\u00dcKLEMEK i\u00e7in TIKLAYINIZ<\/a><\/strong><\/p>\n\n\n\n<p><strong><br><a href=\"https:\/\/www.uedfor.org\/belge\/uedfortammetin.docx\" target=\"_blank\" rel=\"noreferrer noopener\">Tam Metin \u015eablonu<\/a><\/strong><\/p>\n\n\n\n<p><\/p>\n","protected":false},"excerpt":{"rendered":"<p>Kongreye G\u00f6nderilecek Bildiriler \u00f6n inceleme sonras\u0131 k\u00f6r hakemlik sisteminden ge\u00e7ip kabul edilen bildirilerin sunulmas\u0131na izin verilecektir. Bildiri \u00d6zeti Bildiri \u00f6zetinde \u00e7al\u0131\u015fman\u0131n &#8220;amac\u0131&#8221;, &#8220;\u00f6nemi&#8221;, &#8220;y\u00f6ntemi&#8221;, &#8220;s\u0131n\u0131rl\u0131l\u0131klar\u0131&#8221;, &#8220;elde edilen bulgular\u0131&#8221; ba\u015fl\u0131klar halinde ve a\u00e7\u0131k olarak ifade edilmelidir. Bildiri \u00f6zetleri, k\u0131sa kaynak\u00e7a hari\u00e7 150 &#8211; 450 aras\u0131 s\u00f6zc\u00fckten olu\u015fmal\u0131d\u0131r. Bildiri \u00f6zeti, A4 k\u00e2\u011f\u0131da sol, \u00fcst, sa\u011f ve alttan [&hellip;]<\/p>\n","protected":false},"author":1,"featured_media":0,"parent":0,"menu_order":0,"comment_status":"closed","ping_status":"closed","template":"","meta":{"footnotes":""},"class_list":["post-95","page","type-page","status-publish","hentry"],"_links":{"self":[{"href":"https:\/\/www.uedfor.org\/index.php?rest_route=\/wp\/v2\/pages\/95","targetHints":{"allow":["GET"]}}],"collection":[{"href":"https:\/\/www.uedfor.org\/index.php?rest_route=\/wp\/v2\/pages"}],"about":[{"href":"https:\/\/www.uedfor.org\/index.php?rest_route=\/wp\/v2\/types\/page"}],"author":[{"embeddable":true,"href":"https:\/\/www.uedfor.org\/index.php?rest_route=\/wp\/v2\/users\/1"}],"replies":[{"embeddable":true,"href":"https:\/\/www.uedfor.org\/index.php?rest_route=%2Fwp%2Fv2%2Fcomments&post=95"}],"version-history":[{"count":8,"href":"https:\/\/www.uedfor.org\/index.php?rest_route=\/wp\/v2\/pages\/95\/revisions"}],"predecessor-version":[{"id":312,"href":"https:\/\/www.uedfor.org\/index.php?rest_route=\/wp\/v2\/pages\/95\/revisions\/312"}],"wp:attachment":[{"href":"https:\/\/www.uedfor.org\/index.php?rest_route=%2Fwp%2Fv2%2Fmedia&parent=95"}],"curies":[{"name":"wp","href":"https:\/\/api.w.org\/{rel}","templated":true}]}}