{"id":97,"date":"2023-08-05T23:10:22","date_gmt":"2023-08-05T23:10:22","guid":{"rendered":"http:\/\/www.uedfor.org\/?page_id=97"},"modified":"2025-06-12T23:10:37","modified_gmt":"2025-06-12T23:10:37","slug":"poster-bildiri-sablonu","status":"publish","type":"page","link":"https:\/\/www.uedfor.org\/?page_id=97","title":{"rendered":"Poster Bildiri \u015eablonu"},"content":{"rendered":"\n<p>\u00d6zet Bildiriler \u0130ster S\u00f6zl\u00fc Olsun \u0130ster Poster A\u015fa\u011f\u0131daki Ba\u015fl\u0131klara G\u00f6re Haz\u0131rlanacakt\u0131r. <\/p>\n\n\n\n<p>\u00d6zet : Giri\u015f, Y\u00f6ntem, Bulgular, Sonu\u00e7 ve \u00d6nerileri i\u00e7erecek metin olmal\u0131d\u0131r. <\/p>\n\n\n\n<p>Poster 50&#215;70 haz\u0131rlanmal\u0131d\u0131r ve \u00fczerinde d\u00fczenleyici kurum logosu d\u0131\u015f\u0131nda logo olmamal\u0131d\u0131r.<\/p>\n\n\n\n<p><\/p>\n\n\n\n<figure class=\"wp-block-image\"><img loading=\"lazy\" decoding=\"async\" width=\"609\" height=\"637\" src=\"http:\/\/www.uedfor.org\/wp-content\/uploads\/2023\/08\/Screen-Shot-2023-08-16-at-12.26.32.png\" alt=\"\" class=\"wp-image-142\" srcset=\"https:\/\/www.uedfor.org\/wp-content\/uploads\/2023\/08\/Screen-Shot-2023-08-16-at-12.26.32.png 609w, https:\/\/www.uedfor.org\/wp-content\/uploads\/2023\/08\/Screen-Shot-2023-08-16-at-12.26.32-287x300.png 287w\" sizes=\"auto, (max-width: 609px) 100vw, 609px\" \/><\/figure>\n\n\n\n<p><a href=\"https:\/\/www.uedfor.org\/belge\/eyuder.png\" target=\"_blank\" rel=\"noreferrer noopener\"><strong>EYUDER LOGOSU i\u00e7in TIKLAYINIZ<\/strong><\/a><\/p>\n\n\n\n<p><strong><a href=\"https:\/\/www.uedfor.org\/belge\/giresun.png\" target=\"_blank\" rel=\"noreferrer noopener\">G\u0130RESUN  \u00dcN\u0130VERS\u0130TES\u0130 LOGOSU \u0130\u00c7\u0130N TIKLAYINIZ<\/a><\/strong><br><br><strong><a href=\"https:\/\/www.uedfor.org\/belge\/mef.png\" target=\"_blank\" rel=\"noreferrer noopener\">MEF \u00dcN\u0130VERS\u0130TES\u0130 LOGOSU \u0130\u00c7\u0130N TIKLAYINIZ<\/a><\/strong><\/p>\n\n\n\n<p><strong><a href=\"https:\/\/www.uedfor.org\/belge\/atu.png\" target=\"_blank\" rel=\"noreferrer noopener\">ADANA ALPARSLAN T\u00dcRKE\u015e B\u0130L\u0130M VE TEKNOLOJ\u0130 \u00dcN\u0130VERS\u0130TES\u0130 LOGOSU \u0130\u00c7\u0130N TIKLAYINIZ<\/a><\/strong><\/p>\n\n\n\n<p><\/p>\n","protected":false},"excerpt":{"rendered":"<p>\u00d6zet Bildiriler \u0130ster S\u00f6zl\u00fc Olsun \u0130ster Poster A\u015fa\u011f\u0131daki Ba\u015fl\u0131klara G\u00f6re Haz\u0131rlanacakt\u0131r. \u00d6zet : Giri\u015f, Y\u00f6ntem, Bulgular, Sonu\u00e7 ve \u00d6nerileri i\u00e7erecek metin olmal\u0131d\u0131r. Poster 50&#215;70 haz\u0131rlanmal\u0131d\u0131r ve \u00fczerinde d\u00fczenleyici kurum logosu d\u0131\u015f\u0131nda logo olmamal\u0131d\u0131r. EYUDER LOGOSU i\u00e7in TIKLAYINIZ G\u0130RESUN \u00dcN\u0130VERS\u0130TES\u0130 LOGOSU \u0130\u00c7\u0130N TIKLAYINIZ MEF \u00dcN\u0130VERS\u0130TES\u0130 LOGOSU \u0130\u00c7\u0130N TIKLAYINIZ ADANA ALPARSLAN T\u00dcRKE\u015e B\u0130L\u0130M VE TEKNOLOJ\u0130 \u00dcN\u0130VERS\u0130TES\u0130 LOGOSU [&hellip;]<\/p>\n","protected":false},"author":1,"featured_media":0,"parent":0,"menu_order":0,"comment_status":"closed","ping_status":"closed","template":"","meta":{"footnotes":""},"class_list":["post-97","page","type-page","status-publish","hentry"],"_links":{"self":[{"href":"https:\/\/www.uedfor.org\/index.php?rest_route=\/wp\/v2\/pages\/97","targetHints":{"allow":["GET"]}}],"collection":[{"href":"https:\/\/www.uedfor.org\/index.php?rest_route=\/wp\/v2\/pages"}],"about":[{"href":"https:\/\/www.uedfor.org\/index.php?rest_route=\/wp\/v2\/types\/page"}],"author":[{"embeddable":true,"href":"https:\/\/www.uedfor.org\/index.php?rest_route=\/wp\/v2\/users\/1"}],"replies":[{"embeddable":true,"href":"https:\/\/www.uedfor.org\/index.php?rest_route=%2Fwp%2Fv2%2Fcomments&post=97"}],"version-history":[{"count":8,"href":"https:\/\/www.uedfor.org\/index.php?rest_route=\/wp\/v2\/pages\/97\/revisions"}],"predecessor-version":[{"id":281,"href":"https:\/\/www.uedfor.org\/index.php?rest_route=\/wp\/v2\/pages\/97\/revisions\/281"}],"wp:attachment":[{"href":"https:\/\/www.uedfor.org\/index.php?rest_route=%2Fwp%2Fv2%2Fmedia&parent=97"}],"curies":[{"name":"wp","href":"https:\/\/api.w.org\/{rel}","templated":true}]}}